{"id":9064,"date":"2023-12-20T15:46:03","date_gmt":"2023-12-20T14:46:03","guid":{"rendered":"https:\/\/www.locaventuras.com\/tours-regulares-eco\/"},"modified":"2025-03-14T11:47:36","modified_gmt":"2025-03-14T10:47:36","slug":"tours-regulares-eco","status":"publish","type":"page","link":"https:\/\/www.locaventuras.com\/es\/tours-regulares-eco\/","title":{"rendered":"Tours regulares (Eco)"},"content":{"rendered":"<p>[vc_row][vc_column][vc_column_text]<\/p>\n<h2>R\u00c9SERVATION :<\/h2>\n<p>Nous n\u2019op\u00e9rons pas directement les excursions dans cette formule, notre r\u00f4le est d&#8217;assurer, \u00e0 distance, votre r\u00e9servation aupr\u00e8s de notre partenaire chilien.<br \/>\nCe service est compl\u00e9mentaire \u00e0 nos activit\u00e9s de service Priv\u00e9.<br \/>\nDevis d\u00e9taill\u00e9 et transparent.<br \/>\nEntr\u00e9es incluses.<br \/>\nRepas et boissons inclus.<\/p>\n<h2>CONDITIONS DE VOYAGE :<\/h2>\n<ul>\n<li>V\u00e9hicule partag\u00e9.<\/li>\n<li>Transport en Van moderne de 15 places ou \u00e9quivalent.<\/li>\n<li>Chauffeur local<\/li>\n<li>Guide espagnol ou anglais<\/li>\n<li>Prise en charge \u00e0 votre h\u00f4tel, d\u00e9pose en fin d&#8217;excursion au village.<\/li>\n<li>Une fois pris en charge, vous voyagerez sous la responsabilit\u00e9 de l\u2019op\u00e9rateur.<\/li>\n<li>Un programme command\u00e9 et confirm\u00e9 n\u2019est pas modifiable.<\/li>\n<li>Annulation sans frais possible au plus tard 24h avant le d\u00e9part.<\/li>\n<\/ul>\n<p>[\/vc_column_text][vc_empty_space][vc_column_text]<strong>AVERTISSEMENT ALTITUDE :<\/strong><\/p>\n<p><em>Les enfants de moins de 4 ans et les femmes enceintes ne peuvent pas participer aux excursions au-dessus de 2.443 m.<br \/>\n<\/em><em>Respectez un temps d&#8217;acclimatation d&#8217;au moins 24 heures \u00e0 San Pedro avant de partir en excursion.<br \/>\n<\/em><em>La veille, ne buvez pas d&#8217;alcool, mangez l\u00e9ger (\u00e9vitez la viande rouge) et reposez-vous confortablement.<\/em>[\/vc_column_text][vc_empty_space][vc_column_text]<\/p>\n<h2>EXCURSIONS :<\/h2>\n<h3>Vall\u00e9e de l\u2019Arcoiris (matin) : 47 \u20ac<\/h3>\n<p>\u23f0 Prise en charge \u00e0 l&#8217;h\u00f4tel entre 07h00 et 07h30 \/ Retour \u00e0 San Pedro \u00e0 12h30<\/p>\n<p>\ud83c\udfd4\ufe0f Altitude : 3 300 m<\/p>\n<p>\ud83c\udf73\u2615 Petit d\u00e9jeuner inclus<\/p>\n<p>&nbsp;<\/p>\n<h3>Vall\u00e9e de la Lune (apr\u00e8s-midi) : 47 \u20ac<\/h3>\n<p>\u23f0 Prise en charge \u00e0 l&#8217;h\u00f4tel : 15h30 et 16h00 \/ Retour \u00e0 San Pedro entre 20h30 et 21h.<\/p>\n<p>\ud83c\udfd4\ufe0f Altitude max : 2.443 m<\/p>\n<p>\ud83c\udf1e Haute temp\u00e9rature, pr\u00e9voyez : chapeau, cr\u00e8me solaire et une veste pour le coucher du soleil<\/p>\n<p>\ud83c\udf79 Cocktail et collation inclus<\/p>\n<p>&nbsp;<\/p>\n<h3>Les lagunes Cejar et Tebinquiche (apr\u00e8s-midi) : 47 \u20ac<\/h3>\n<p>\u23f0 Prise en charge \u00e0 l&#8217;h\u00f4tel : 13h00 et 13h30 \/ Retour \u00e0 San Pedro \u00e0 19h30<\/p>\n<p>\ud83c\udfd4\ufe0f Altitude max : 2.443 m<\/p>\n<p>\ud83d\udc59 Pour nager<\/p>\n<p>\ud83c\udf78 Cocktail au coucher du soleil inclus<\/p>\n<p>&nbsp;<\/p>\n<h3>Pierres Rouges, les lagunes Miniques, Miscanti et Chaxa (journ\u00e9e) : 76 \u20ac<\/h3>\n<p>\u23f0 Prise en charge \u00e0 l&#8217;h\u00f4tel entre 07h00 et 07h30 \/ Retour \u00e0 San Pedro 17h30.<\/p>\n<p>\ud83c\udfd4\ufe0f Altitude max : 4 200 m<\/p>\n<p>\u2744\ufe0f Tr\u00e8s basse temp\u00e9rature : pr\u00e9voir des v\u00eatements chauds<\/p>\n<p>\ud83c\udf73\u2615 Petit-d\u00e9jeuner et d\u00e9jeuner inclus<\/p>\n<p>&nbsp;<\/p>\n<h3>Les geysers du Tatio (matin) : 53 \u20ac<\/h3>\n<p>\u23f0 Prise en charge \u00e0 l&#8217;h\u00f4tel : 05h00 et 05h30 \/ Retour \u00e0 San Pedro \u00e0 12h30<\/p>\n<p>\ud83c\udfd4\ufe0f Altitude max : 4 320 m<\/p>\n<p>\u2744\ufe0f Tr\u00e8s basse temp\u00e9rature : (-5\u00b0C) \u00e0 l&#8217;aube<\/p>\n<p>\ud83c\udf73\u2615 Petit d\u00e9jeuner inclus<\/p>\n<p>&nbsp;<\/p>\n<h3>La route des Salars (journ\u00e9e) : 70 \u20ac<\/h3>\n<p>\u23f0 Prise en charge \u00e0 l&#8217;h\u00f4tel entre 08h00 et 08h30 \/ Retour \u00e0 San Pedro \u00e0 16h00.<\/p>\n<p>\ud83c\udfd4\ufe0f Altitude max : 4 400 m<\/p>\n<p>\u2744\ufe0f Basse temp\u00e9rature : il peut y avoir des vents forts (v\u00eatements chauds)<\/p>\n<p>\ud83c\udf73\u2615 Petit-d\u00e9jeuner et d\u00e9jeuner inclus[\/vc_column_text][vc_empty_space][\/vc_column][\/vc_row]<\/p>\n","protected":false},"excerpt":{"rendered":"<p>Veh\u00edculo compartido | Gu\u00eda en espa\u00f1ol<\/p>\n","protected":false},"author":1,"featured_media":7597,"parent":0,"menu_order":0,"comment_status":"closed","ping_status":"closed","template":"","meta":{"_acf_changed":false,"footnotes":""},"class_list":["post-9064","page","type-page","status-publish","has-post-thumbnail","hentry"],"acf":[],"yoast_head":"<!-- This site is optimized with the Yoast SEO plugin v26.2 - https:\/\/yoast.com\/wordpress\/plugins\/seo\/ -->\n<title>Tours regulares (Eco) &#8211; Locaventuras<\/title>\n<meta name=\"robots\" content=\"index, follow, max-snippet:-1, max-image-preview:large, max-video-preview:-1\" \/>\n<link rel=\"canonical\" href=\"https:\/\/www.locaventuras.com\/es\/tours-regulares-eco\/\" \/>\n<meta property=\"og:locale\" content=\"es_ES\" \/>\n<meta property=\"og:type\" content=\"article\" \/>\n<meta property=\"og:title\" content=\"Tours regulares (Eco) &#8211; Locaventuras\" \/>\n<meta property=\"og:description\" content=\"Veh\u00edculo compartido | Gu\u00eda en espa\u00f1ol\" \/>\n<meta property=\"og:url\" content=\"https:\/\/www.locaventuras.com\/es\/tours-regulares-eco\/\" \/>\n<meta property=\"og:site_name\" content=\"Locaventuras\" \/>\n<meta property=\"article:publisher\" content=\"https:\/\/www.facebook.com\/locaventuras.chile\/?locale=fr_FR\" \/>\n<meta property=\"article:modified_time\" content=\"2025-03-14T10:47:36+00:00\" \/>\n<meta property=\"og:image\" content=\"https:\/\/www.locaventuras.com\/wp-content\/uploads\/2023\/07\/locaventuras-formule-ECO-2.jpg\" \/>\n\t<meta property=\"og:image:width\" content=\"486\" \/>\n\t<meta property=\"og:image:height\" content=\"324\" \/>\n\t<meta property=\"og:image:type\" content=\"image\/jpeg\" \/>\n<meta name=\"twitter:card\" content=\"summary_large_image\" \/>\n<meta name=\"twitter:label1\" content=\"Tiempo de lectura\" \/>\n\t<meta name=\"twitter:data1\" content=\"3 minutos\" \/>\n<script type=\"application\/ld+json\" class=\"yoast-schema-graph\">{\"@context\":\"https:\/\/schema.org\",\"@graph\":[{\"@type\":\"WebPage\",\"@id\":\"https:\/\/www.locaventuras.com\/es\/tours-regulares-eco\/\",\"url\":\"https:\/\/www.locaventuras.com\/es\/tours-regulares-eco\/\",\"name\":\"Tours regulares (Eco) &#8211; Locaventuras\",\"isPartOf\":{\"@id\":\"https:\/\/www.locaventuras.com\/#website\"},\"primaryImageOfPage\":{\"@id\":\"https:\/\/www.locaventuras.com\/es\/tours-regulares-eco\/#primaryimage\"},\"image\":{\"@id\":\"https:\/\/www.locaventuras.com\/es\/tours-regulares-eco\/#primaryimage\"},\"thumbnailUrl\":\"https:\/\/www.locaventuras.com\/wp-content\/uploads\/2023\/07\/locaventuras-formule-ECO-2.jpg\",\"datePublished\":\"2023-12-20T14:46:03+00:00\",\"dateModified\":\"2025-03-14T10:47:36+00:00\",\"breadcrumb\":{\"@id\":\"https:\/\/www.locaventuras.com\/es\/tours-regulares-eco\/#breadcrumb\"},\"inLanguage\":\"es\",\"potentialAction\":[{\"@type\":\"ReadAction\",\"target\":[\"https:\/\/www.locaventuras.com\/es\/tours-regulares-eco\/\"]}]},{\"@type\":\"ImageObject\",\"inLanguage\":\"es\",\"@id\":\"https:\/\/www.locaventuras.com\/es\/tours-regulares-eco\/#primaryimage\",\"url\":\"https:\/\/www.locaventuras.com\/wp-content\/uploads\/2023\/07\/locaventuras-formule-ECO-2.jpg\",\"contentUrl\":\"https:\/\/www.locaventuras.com\/wp-content\/uploads\/2023\/07\/locaventuras-formule-ECO-2.jpg\",\"width\":486,\"height\":324},{\"@type\":\"BreadcrumbList\",\"@id\":\"https:\/\/www.locaventuras.com\/es\/tours-regulares-eco\/#breadcrumb\",\"itemListElement\":[{\"@type\":\"ListItem\",\"position\":1,\"name\":\"Accueil\",\"item\":\"https:\/\/www.locaventuras.com\/es\/\"},{\"@type\":\"ListItem\",\"position\":2,\"name\":\"Tours regulares (Eco)\"}]},{\"@type\":\"WebSite\",\"@id\":\"https:\/\/www.locaventuras.com\/#website\",\"url\":\"https:\/\/www.locaventuras.com\/\",\"name\":\"Locaventuras\",\"description\":\"\",\"publisher\":{\"@id\":\"https:\/\/www.locaventuras.com\/#organization\"},\"potentialAction\":[{\"@type\":\"SearchAction\",\"target\":{\"@type\":\"EntryPoint\",\"urlTemplate\":\"https:\/\/www.locaventuras.com\/?s={search_term_string}\"},\"query-input\":{\"@type\":\"PropertyValueSpecification\",\"valueRequired\":true,\"valueName\":\"search_term_string\"}}],\"inLanguage\":\"es\"},{\"@type\":\"Organization\",\"@id\":\"https:\/\/www.locaventuras.com\/#organization\",\"name\":\"Locaventuras\",\"url\":\"https:\/\/www.locaventuras.com\/\",\"logo\":{\"@type\":\"ImageObject\",\"inLanguage\":\"es\",\"@id\":\"https:\/\/www.locaventuras.com\/#\/schema\/logo\/image\/\",\"url\":\"https:\/\/www.locaventuras.com\/wp-content\/uploads\/2023\/07\/locaventuras-logo.png\",\"contentUrl\":\"https:\/\/www.locaventuras.com\/wp-content\/uploads\/2023\/07\/locaventuras-logo.png\",\"width\":223,\"height\":78,\"caption\":\"Locaventuras\"},\"image\":{\"@id\":\"https:\/\/www.locaventuras.com\/#\/schema\/logo\/image\/\"},\"sameAs\":[\"https:\/\/www.facebook.com\/locaventuras.chile\/?locale=fr_FR\"]}]}<\/script>\n<!-- \/ Yoast SEO plugin. -->","yoast_head_json":{"title":"Tours regulares (Eco) &#8211; Locaventuras","robots":{"index":"index","follow":"follow","max-snippet":"max-snippet:-1","max-image-preview":"max-image-preview:large","max-video-preview":"max-video-preview:-1"},"canonical":"https:\/\/www.locaventuras.com\/es\/tours-regulares-eco\/","og_locale":"es_ES","og_type":"article","og_title":"Tours regulares (Eco) &#8211; Locaventuras","og_description":"Veh\u00edculo compartido | Gu\u00eda en espa\u00f1ol","og_url":"https:\/\/www.locaventuras.com\/es\/tours-regulares-eco\/","og_site_name":"Locaventuras","article_publisher":"https:\/\/www.facebook.com\/locaventuras.chile\/?locale=fr_FR","article_modified_time":"2025-03-14T10:47:36+00:00","og_image":[{"width":486,"height":324,"url":"https:\/\/www.locaventuras.com\/wp-content\/uploads\/2023\/07\/locaventuras-formule-ECO-2.jpg","type":"image\/jpeg"}],"twitter_card":"summary_large_image","twitter_misc":{"Tiempo de lectura":"3 minutos"},"schema":{"@context":"https:\/\/schema.org","@graph":[{"@type":"WebPage","@id":"https:\/\/www.locaventuras.com\/es\/tours-regulares-eco\/","url":"https:\/\/www.locaventuras.com\/es\/tours-regulares-eco\/","name":"Tours regulares (Eco) &#8211; Locaventuras","isPartOf":{"@id":"https:\/\/www.locaventuras.com\/#website"},"primaryImageOfPage":{"@id":"https:\/\/www.locaventuras.com\/es\/tours-regulares-eco\/#primaryimage"},"image":{"@id":"https:\/\/www.locaventuras.com\/es\/tours-regulares-eco\/#primaryimage"},"thumbnailUrl":"https:\/\/www.locaventuras.com\/wp-content\/uploads\/2023\/07\/locaventuras-formule-ECO-2.jpg","datePublished":"2023-12-20T14:46:03+00:00","dateModified":"2025-03-14T10:47:36+00:00","breadcrumb":{"@id":"https:\/\/www.locaventuras.com\/es\/tours-regulares-eco\/#breadcrumb"},"inLanguage":"es","potentialAction":[{"@type":"ReadAction","target":["https:\/\/www.locaventuras.com\/es\/tours-regulares-eco\/"]}]},{"@type":"ImageObject","inLanguage":"es","@id":"https:\/\/www.locaventuras.com\/es\/tours-regulares-eco\/#primaryimage","url":"https:\/\/www.locaventuras.com\/wp-content\/uploads\/2023\/07\/locaventuras-formule-ECO-2.jpg","contentUrl":"https:\/\/www.locaventuras.com\/wp-content\/uploads\/2023\/07\/locaventuras-formule-ECO-2.jpg","width":486,"height":324},{"@type":"BreadcrumbList","@id":"https:\/\/www.locaventuras.com\/es\/tours-regulares-eco\/#breadcrumb","itemListElement":[{"@type":"ListItem","position":1,"name":"Accueil","item":"https:\/\/www.locaventuras.com\/es\/"},{"@type":"ListItem","position":2,"name":"Tours regulares (Eco)"}]},{"@type":"WebSite","@id":"https:\/\/www.locaventuras.com\/#website","url":"https:\/\/www.locaventuras.com\/","name":"Locaventuras","description":"","publisher":{"@id":"https:\/\/www.locaventuras.com\/#organization"},"potentialAction":[{"@type":"SearchAction","target":{"@type":"EntryPoint","urlTemplate":"https:\/\/www.locaventuras.com\/?s={search_term_string}"},"query-input":{"@type":"PropertyValueSpecification","valueRequired":true,"valueName":"search_term_string"}}],"inLanguage":"es"},{"@type":"Organization","@id":"https:\/\/www.locaventuras.com\/#organization","name":"Locaventuras","url":"https:\/\/www.locaventuras.com\/","logo":{"@type":"ImageObject","inLanguage":"es","@id":"https:\/\/www.locaventuras.com\/#\/schema\/logo\/image\/","url":"https:\/\/www.locaventuras.com\/wp-content\/uploads\/2023\/07\/locaventuras-logo.png","contentUrl":"https:\/\/www.locaventuras.com\/wp-content\/uploads\/2023\/07\/locaventuras-logo.png","width":223,"height":78,"caption":"Locaventuras"},"image":{"@id":"https:\/\/www.locaventuras.com\/#\/schema\/logo\/image\/"},"sameAs":["https:\/\/www.facebook.com\/locaventuras.chile\/?locale=fr_FR"]}]}},"_links":{"self":[{"href":"https:\/\/www.locaventuras.com\/es\/wp-json\/wp\/v2\/pages\/9064","targetHints":{"allow":["GET"]}}],"collection":[{"href":"https:\/\/www.locaventuras.com\/es\/wp-json\/wp\/v2\/pages"}],"about":[{"href":"https:\/\/www.locaventuras.com\/es\/wp-json\/wp\/v2\/types\/page"}],"author":[{"embeddable":true,"href":"https:\/\/www.locaventuras.com\/es\/wp-json\/wp\/v2\/users\/1"}],"replies":[{"embeddable":true,"href":"https:\/\/www.locaventuras.com\/es\/wp-json\/wp\/v2\/comments?post=9064"}],"version-history":[{"count":1,"href":"https:\/\/www.locaventuras.com\/es\/wp-json\/wp\/v2\/pages\/9064\/revisions"}],"predecessor-version":[{"id":9066,"href":"https:\/\/www.locaventuras.com\/es\/wp-json\/wp\/v2\/pages\/9064\/revisions\/9066"}],"wp:featuredmedia":[{"embeddable":true,"href":"https:\/\/www.locaventuras.com\/es\/wp-json\/wp\/v2\/media\/7597"}],"wp:attachment":[{"href":"https:\/\/www.locaventuras.com\/es\/wp-json\/wp\/v2\/media?parent=9064"}],"curies":[{"name":"wp","href":"https:\/\/api.w.org\/{rel}","templated":true}]}}